{"id":2179,"date":"2020-01-05T18:23:08","date_gmt":"2020-01-05T18:23:08","guid":{"rendered":"https:\/\/virtamies.fi\/wp\/?page_id=2179"},"modified":"2020-01-06T13:44:12","modified_gmt":"2020-01-06T13:44:12","slug":"nukketeatteri","status":"publish","type":"page","link":"https:\/\/virtamies.fi\/wp\/nukketeatteri\/","title":{"rendered":"Nukketeatteri"},"content":{"rendered":"\n<p>Palattuaan Tanskasta Suomeen v. 2002, V-P. &#8221;Kekka&#8221; B\u00e4ckman huomasi ik\u00e4v\u00f6iv\u00e4ns\u00e4 tanskalaista sirkusmaailmaa, etenkin klovneriaa, joka oli ehtinyt vied\u00e4 miehen menness\u00e4\u00e4n. Ik\u00e4\u00e4n kuin lohdutukseksi p\u00e4\u00e4tettiin perustaa humoristiss\u00e4vytteinen komppania, jossa nukketeatteri yhdistyisi musiikilliseen ilveilyyn ja lopputulos saatettaisiin lasten ja lastenmielisten saataville.<\/p>\n\n\n\n<p>Nukketeatteri <strong>Marrasmaakareitten<\/strong> &#8221;aivot&#8221; oli B\u00e4ckmanin lankomies, nukketeatterin ammattilainen Jyrki Ihalainen, joka vastaisi bunraku-tekniikalla toteutettujen keppinukkien runkojen valmistamisesta. Vaatetuksen &#8221;Jyrki-eno&#8221; ja &#8221;Pekka-set\u00e4&#8221; tekiv\u00e4t yhteisty\u00f6n\u00e4.<\/p>\n\n\n\n<p>Marrasmaakarit kiersiv\u00e4t Suomea muutaman vuoden ajan, 2004-2006, ulottaen reviirins\u00e4 p\u00e4iv\u00e4koteihin, seurakuntien kerhoihin ja kouluihin joka puolelle Suomenmaata, aina Lappiin saakka. Vierailipa &#8221;Jyrki-eno&#8221; kerran jopa Hopun vanhainkodissa Tyrv\u00e4\u00e4ll\u00e4, sill\u00e4 kerralla assistenttinaan paikallinen pastori.<\/p>\n\n\n\n<p>Marrasmaakareiden ohjelmistoon kuului vuorovaikutteiset, runsaasti askakartelua, leikki\u00e4 ja laulua sis\u00e4ll\u00e4\u00e4n pit\u00e4v\u00e4t Nukketeatterity\u00f6pajat <strong>Ruma Ankanpoikanen<\/strong> ja <strong>Kapteeni Rasvaparran aarre<\/strong>. Nukketeattarispektaakkeli <strong>Saapasjalkakissa <\/strong>toteutui sen sijaan &#8221;Jyrki-enon&#8221; soolonumerona. Myyntity\u00f6st\u00e4 vastasi mainio Tarja Syrj\u00e4.<\/p>\n\n\n\n<p>Marrasmaakareiden uudessa tulemisessa v. 2015 &#8221;Pekka-sed\u00e4n&#8221; aisaparina oli Oskari Toivonen. Maakarit kiersiv\u00e4t Kapteeni Rasvaparran, merirosvokapteeni Agapeettuksen ja Jaap-orankutankin kanssa maakuntaa kuitenkin vain melko lyhyen aikaa. <\/p>\n\n\n\n<p><strong>Nuket ja kaikki ty\u00f6pajoihin liittyv\u00e4 v\u00e4lineist\u00f6 on tallella! Kun sopiva nukettaja l\u00f6ytyy, Marrasmaakarit l\u00e4htev\u00e4t j\u00e4lleen uusille kiertueille!<\/strong><\/p>\n\n\n\n<p>Vuosien saatossa B\u00e4ckman on ajautunut muihinkin hankkeisiin, mm. rakentamaan Lastenkirkon tilaaman nukkekatraan netti-adventtikalenterinsa henkil\u00f6st\u00f6ksi.<\/p>\n\n\n\n<div class=\"wp-block-image\"><figure class=\"aligncenter is-resized\"><img loading=\"lazy\" decoding=\"async\" src=\"https:\/\/virtamies.fi\/wp\/wp-content\/uploads\/2020\/01\/ruma_ankanpoikanen_nuket_pieni.jpg\" alt=\"\" class=\"wp-image-2180\" width=\"237\" height=\"329\" srcset=\"https:\/\/virtamies.fi\/wp\/wp-content\/uploads\/2020\/01\/ruma_ankanpoikanen_nuket_pieni.jpg 288w, https:\/\/virtamies.fi\/wp\/wp-content\/uploads\/2020\/01\/ruma_ankanpoikanen_nuket_pieni-216x300.jpg 216w\" sizes=\"auto, (max-width: 237px) 100vw, 237px\" \/><figcaption>Satuse\u00e4 H. C. Andersen<br>Ruma Ankanpoikanen, 2003-2005<\/figcaption><\/figure><\/div>\n\n\n\n<div class=\"wp-block-image\"><figure class=\"aligncenter\"><img loading=\"lazy\" decoding=\"async\" width=\"350\" height=\"256\" src=\"https:\/\/virtamies.fi\/wp\/wp-content\/uploads\/2020\/01\/kapteeni_rasvaparran_aarre_1_pieni.jpg\" alt=\"\" class=\"wp-image-2181\" srcset=\"https:\/\/virtamies.fi\/wp\/wp-content\/uploads\/2020\/01\/kapteeni_rasvaparran_aarre_1_pieni.jpg 350w, https:\/\/virtamies.fi\/wp\/wp-content\/uploads\/2020\/01\/kapteeni_rasvaparran_aarre_1_pieni-300x219.jpg 300w\" sizes=\"auto, (max-width: 350px) 100vw, 350px\" \/><figcaption>Jaap ja Agapeettus<br>Kapteeni Rasvaparran aarre, 2005-2015<\/figcaption><\/figure><\/div>\n\n\n\n<div class=\"wp-block-image\"><figure class=\"aligncenter is-resized\"><img loading=\"lazy\" decoding=\"async\" src=\"https:\/\/virtamies.fi\/wp\/wp-content\/uploads\/2020\/01\/lastenkirkko_nuket_Joona_pieni.jpg\" alt=\"\" class=\"wp-image-2182\" width=\"353\" height=\"265\" srcset=\"https:\/\/virtamies.fi\/wp\/wp-content\/uploads\/2020\/01\/lastenkirkko_nuket_Joona_pieni.jpg 450w, https:\/\/virtamies.fi\/wp\/wp-content\/uploads\/2020\/01\/lastenkirkko_nuket_Joona_pieni-300x225.jpg 300w\" sizes=\"auto, (max-width: 353px) 100vw, 353px\" \/><figcaption>Lastenkirkon nukkearsenaalin ty\u00f6maalla 2017<br>Kuva: Mikko Joona<\/figcaption><\/figure><\/div>\n","protected":false},"excerpt":{"rendered":"<p>Palattuaan Tanskasta Suomeen v. 2002, V-P. &#8221;Kekka&#8221; B\u00e4ckman huomasi ik\u00e4v\u00f6iv\u00e4ns\u00e4 tanskalaista sirkusmaailmaa, etenkin klovneriaa, joka oli ehtinyt vied\u00e4 miehen menness\u00e4\u00e4n. Ik\u00e4\u00e4n kuin lohdutukseksi p\u00e4\u00e4tettiin perustaa humoristiss\u00e4vytteinen komppania, jossa nukketeatteri yhdistyisi musiikilliseen ilveilyyn ja lopputulos saatettaisiin lasten ja lastenmielisten saataville. Nukketeatteri<\/p>\n","protected":false},"author":3,"featured_media":0,"parent":0,"menu_order":0,"comment_status":"closed","ping_status":"closed","template":"","meta":{"footnotes":""},"class_list":["post-2179","page","type-page","status-publish","hentry"],"_links":{"self":[{"href":"https:\/\/virtamies.fi\/wp\/wp-json\/wp\/v2\/pages\/2179","targetHints":{"allow":["GET"]}}],"collection":[{"href":"https:\/\/virtamies.fi\/wp\/wp-json\/wp\/v2\/pages"}],"about":[{"href":"https:\/\/virtamies.fi\/wp\/wp-json\/wp\/v2\/types\/page"}],"author":[{"embeddable":true,"href":"https:\/\/virtamies.fi\/wp\/wp-json\/wp\/v2\/users\/3"}],"replies":[{"embeddable":true,"href":"https:\/\/virtamies.fi\/wp\/wp-json\/wp\/v2\/comments?post=2179"}],"version-history":[{"count":4,"href":"https:\/\/virtamies.fi\/wp\/wp-json\/wp\/v2\/pages\/2179\/revisions"}],"predecessor-version":[{"id":2203,"href":"https:\/\/virtamies.fi\/wp\/wp-json\/wp\/v2\/pages\/2179\/revisions\/2203"}],"wp:attachment":[{"href":"https:\/\/virtamies.fi\/wp\/wp-json\/wp\/v2\/media?parent=2179"}],"curies":[{"name":"wp","href":"https:\/\/api.w.org\/{rel}","templated":true}]}}